{"id":81,"date":"2023-05-23T13:19:47","date_gmt":"2023-05-23T13:19:47","guid":{"rendered":"https:\/\/meyei-group.com\/?page_id=81"},"modified":"2023-07-06T12:16:16","modified_gmt":"2023-07-06T12:16:16","slug":"blogs","status":"publish","type":"page","link":"https:\/\/meyei-group.com\/en\/blogs\/","title":{"rendered":"Blogs"},"content":{"rendered":"<div data-elementor-type=\"wp-page\" data-elementor-id=\"81\" class=\"elementor elementor-81\">\n\t\t\t\t\t\t\t\t\t<section class=\"elementor-section elementor-top-section elementor-element elementor-element-796a76d elementor-section-height-min-height elementor-section-boxed elementor-section-height-default elementor-section-items-middle\" data-id=\"796a76d\" data-element_type=\"section\" data-settings=\"{&quot;background_background&quot;:&quot;classic&quot;,&quot;jet_parallax_layout_list&quot;:[]}\">\n\t\t\t\t\t\t\t<div class=\"elementor-background-overlay\"><\/div>\n\t\t\t\t\t\t\t<div class=\"elementor-container elementor-column-gap-default\">\n\t\t\t\t\t<div class=\"elementor-column elementor-col-100 elementor-top-column elementor-element elementor-element-c810abd\" data-id=\"c810abd\" data-element_type=\"column\">\n\t\t\t<div class=\"elementor-widget-wrap elementor-element-populated\">\n\t\t\t\t\t\t\t\t<div class=\"elementor-element elementor-element-7696cf8 elementor-widget elementor-widget-heading\" data-id=\"7696cf8\" data-element_type=\"widget\" data-widget_type=\"heading.default\">\n\t\t\t\t<div class=\"elementor-widget-container\">\n\t\t\t<style>\/*! elementor - v3.14.0 - 18-06-2023 *\/\n.elementor-heading-title{padding:0;margin:0;line-height:1}.elementor-widget-heading .elementor-heading-title[class*=elementor-size-]>a{color:inherit;font-size:inherit;line-height:inherit}.elementor-widget-heading .elementor-heading-title.elementor-size-small{font-size:15px}.elementor-widget-heading .elementor-heading-title.elementor-size-medium{font-size:19px}.elementor-widget-heading .elementor-heading-title.elementor-size-large{font-size:29px}.elementor-widget-heading .elementor-heading-title.elementor-size-xl{font-size:39px}.elementor-widget-heading .elementor-heading-title.elementor-size-xxl{font-size:59px}<\/style><h1 class=\"elementor-heading-title elementor-size-default\">LATEST ARTICLES<\/h1>\t\t<\/div>\n\t\t\t\t<\/div>\n\t\t\t\t<div class=\"elementor-element elementor-element-37bd8d1 elementor-widget elementor-widget-heading\" data-id=\"37bd8d1\" data-element_type=\"widget\" data-widget_type=\"heading.default\">\n\t\t\t\t<div class=\"elementor-widget-container\">\n\t\t\t<h4 class=\"elementor-heading-title elementor-size-default\">Established in 2022, Meyei's primary goal is to improve the quality of business services worldwide.<\/h4>\t\t<\/div>\n\t\t\t\t<\/div>\n\t\t\t\t\t<\/div>\n\t\t<\/div>\n\t\t\t\t\t\t\t<\/div>\n\t\t<\/section>\n\t\t\t\t<section class=\"elementor-section elementor-top-section elementor-element elementor-element-f53f005 elementor-section-boxed elementor-section-height-default elementor-section-height-default\" data-id=\"f53f005\" data-element_type=\"section\" data-settings=\"{&quot;jet_parallax_layout_list&quot;:[]}\">\n\t\t\t\t\t\t<div class=\"elementor-container elementor-column-gap-default\">\n\t\t\t\t\t<div class=\"elementor-column elementor-col-100 elementor-top-column elementor-element elementor-element-5094eaa\" data-id=\"5094eaa\" data-element_type=\"column\">\n\t\t\t<div class=\"elementor-widget-wrap elementor-element-populated\">\n\t\t\t\t\t\t\t\t<section class=\"elementor-section elementor-inner-section elementor-element elementor-element-6e2df19 elementor-section-boxed elementor-section-height-default elementor-section-height-default\" data-id=\"6e2df19\" data-element_type=\"section\" data-settings=\"{&quot;jet_parallax_layout_list&quot;:[]}\">\n\t\t\t\t\t\t<div class=\"elementor-container elementor-column-gap-default\">\n\t\t\t\t\t<div class=\"elementor-column elementor-col-33 elementor-inner-column elementor-element elementor-element-526938d\" data-id=\"526938d\" data-element_type=\"column\">\n\t\t\t<div class=\"elementor-widget-wrap\">\n\t\t\t\t\t\t\t\t\t<\/div>\n\t\t<\/div>\n\t\t\t\t<div class=\"elementor-column elementor-col-33 elementor-inner-column elementor-element elementor-element-87405b7\" data-id=\"87405b7\" data-element_type=\"column\">\n\t\t\t<div class=\"elementor-widget-wrap elementor-element-populated\">\n\t\t\t\t\t\t\t\t<div class=\"elementor-element elementor-element-f3cc1fb elementor-widget elementor-widget-text-editor\" data-id=\"f3cc1fb\" data-element_type=\"widget\" data-widget_type=\"text-editor.default\">\n\t\t\t\t<div class=\"elementor-widget-container\">\n\t\t\t<style>\/*! elementor - v3.14.0 - 18-06-2023 *\/\n.elementor-widget-text-editor.elementor-drop-cap-view-stacked .elementor-drop-cap{background-color:#69727d;color:#fff}.elementor-widget-text-editor.elementor-drop-cap-view-framed .elementor-drop-cap{color:#69727d;border:3px solid;background-color:transparent}.elementor-widget-text-editor:not(.elementor-drop-cap-view-default) .elementor-drop-cap{margin-top:8px}.elementor-widget-text-editor:not(.elementor-drop-cap-view-default) .elementor-drop-cap-letter{width:1em;height:1em}.elementor-widget-text-editor .elementor-drop-cap{float:left;text-align:center;line-height:1;font-size:50px}.elementor-widget-text-editor .elementor-drop-cap-letter{display:inline-block}<\/style>\t\t\t\t<p>The expansion of our company into new areas and industries is a direct result of our commitment to develop the necessary talent, infrastructure and know-how to meet the needs of our customers. Collaborating with our colleagues and customers, both internally and externally, is at the core of Meyei's success. Meyei provides expert services in engineering\/project management, media\/marketing and international trade.<\/p>\t\t\t\t\t\t<\/div>\n\t\t\t\t<\/div>\n\t\t\t\t\t<\/div>\n\t\t<\/div>\n\t\t\t\t<div class=\"elementor-column elementor-col-33 elementor-inner-column elementor-element elementor-element-05d4720\" data-id=\"05d4720\" data-element_type=\"column\">\n\t\t\t<div class=\"elementor-widget-wrap elementor-element-populated\">\n\t\t\t\t\t\t\t\t<div class=\"elementor-element elementor-element-f634227 elementor-invisible elementor-widget elementor-widget-heading\" data-id=\"f634227\" data-element_type=\"widget\" data-settings=\"{&quot;_animation&quot;:&quot;fadeInDown&quot;}\" data-widget_type=\"heading.default\">\n\t\t\t\t<div class=\"elementor-widget-container\">\n\t\t\t<h2 class=\"elementor-heading-title elementor-size-default\">LATEST ARTICLES<\/h2>\t\t<\/div>\n\t\t\t\t<\/div>\n\t\t\t\t\t<\/div>\n\t\t<\/div>\n\t\t\t\t\t\t\t<\/div>\n\t\t<\/section>\n\t\t\t\t<section class=\"elementor-section elementor-inner-section elementor-element elementor-element-d819d45 elementor-section-boxed elementor-section-height-default elementor-section-height-default\" data-id=\"d819d45\" data-element_type=\"section\" data-settings=\"{&quot;jet_parallax_layout_list&quot;:[]}\">\n\t\t\t\t\t\t<div class=\"elementor-container elementor-column-gap-default\">\n\t\t\t\t\t<div class=\"elementor-column elementor-col-100 elementor-inner-column elementor-element elementor-element-bfa99ec\" data-id=\"bfa99ec\" data-element_type=\"column\">\n\t\t\t<div class=\"elementor-widget-wrap elementor-element-populated\">\n\t\t\t\t\t\t\t\t<div class=\"elementor-element elementor-element-8aae45d premium-blog-align-left elementor-widget elementor-widget-premium-addon-blog\" data-id=\"8aae45d\" data-element_type=\"widget\" data-settings=\"{&quot;premium_blog_columns_number&quot;:&quot;33.33%&quot;,&quot;premium_blog_grid&quot;:&quot;yes&quot;,&quot;premium_blog_layout&quot;:&quot;even&quot;,&quot;premium_blog_columns_number_tablet&quot;:&quot;50%&quot;,&quot;premium_blog_columns_number_mobile&quot;:&quot;100%&quot;,&quot;scroll_to_offset&quot;:&quot;yes&quot;}\" data-widget_type=\"premium-addon-blog.default\">\n\t\t\t\t<div class=\"elementor-widget-container\">\n\t\t\t\r\n\t\t\t\t<div class=\"premium-blog-wrap  premium-blog-even\" data-page=\"81\">\r\n\t\t\t\t\t<div class=\"premium-blog-post-outer-container\" data-total=\"1\">\r\n\t\t\t<div class=\"premium-blog-post-container premium-blog-skin-classic\">\r\n\t\t\t\t\t\t\t\t\t<div class=\"premium-blog-thumb-effect-wrapper\">\r\n\t\t\t\t\t\t<div class=\"premium-blog-thumbnail-container premium-blog-zoomin-effect\">\r\n\t\t\t\t\t\t\t<img loading=\"lazy\" width=\"1249\" height=\"800\" src=\"https:\/\/meyei-group.com\/wp-content\/uploads\/2023\/05\/campaign-creators-RSc6D7bO0fA-unsplash-3-1.jpg\" class=\"attachment-full size-full wp-image-463\" alt=\"\" decoding=\"async\" srcset=\"https:\/\/meyei-group.com\/wp-content\/uploads\/2023\/05\/campaign-creators-RSc6D7bO0fA-unsplash-3-1.jpg 1249w, https:\/\/meyei-group.com\/wp-content\/uploads\/2023\/05\/campaign-creators-RSc6D7bO0fA-unsplash-3-1-300x192.jpg 300w, https:\/\/meyei-group.com\/wp-content\/uploads\/2023\/05\/campaign-creators-RSc6D7bO0fA-unsplash-3-1-1024x656.jpg 1024w, https:\/\/meyei-group.com\/wp-content\/uploads\/2023\/05\/campaign-creators-RSc6D7bO0fA-unsplash-3-1-768x492.jpg 768w\" sizes=\"(max-width: 1249px) 100vw, 1249px\" \/>\t\t\t\t\t\t<\/div>\r\n\t\t\t\t\t\t\t\t\t\t\t\t\t<div class=\"premium-blog-thumbnail-overlay\">\r\n\t\t\t\t\t\t\t\t<a class=\"elementor-icon\" href=\"https:\/\/meyei-group.com\/en\/what-is-engineering-consulting\/\" target=\"_blank\" aria-hidden=\"true\"><span>What is Engineering Consulting?<\/span><\/a>\r\n\t\t\t\t\t\t\t<\/div>\r\n\t\t\t\t\t\t\t\t\t\t\t<\/div>\r\n\t\t\t\t\t\t\t\t\t\t\t\t<div class=\"premium-blog-content-wrapper\">\r\n\r\n\t\t\t\t\t<div class=\"premium-blog-inner-container\">\r\n\r\n\t\t\t\t\t\t\t\t\t\t\t\t\t\t<h2 class=\"premium-blog-entry-title\">\r\n\t\t\t<a href=\"https:\/\/meyei-group.com\/en\/what-is-engineering-consulting\/\" target=\"_blank\">\r\n\t\t\t\tWhat is Engineering Consulting?\t\t\t<\/a>\r\n\t\t<\/h2>\r\n\t\t\t\t<div class=\"premium-blog-entry-meta\">\r\n\t\t\t\r\n\t\t\t\r\n\t\t\t\r\n\t\t\t\t\t<\/div>\r\n\t\t\r\n\t\t\t\t\t<\/div>\r\n\r\n\t\t\t\t\t\t\t<div class=\"premium-blob-content-inner-wrapper\">\r\n\t\t<p class=\"premium-blog-post-content\">Engineering consulting refers to a specialized professional service that offers expert advice, analysis, and solutions in various engineering disciplines. It involves engaging external engineering consultants or firms to provide their expertise and insights on specific engineering projects or challenges.<\/p>\t\t <\/div>\r\n\t\t \t\t\t\t\t\r\n\t\t\t\t<\/div>\r\n\t\t\t<\/div>\r\n\t\t<\/div>\r\n\r\n\t\t\t\t<div class=\"premium-blog-post-outer-container\" data-total=\"1\">\r\n\t\t\t<div class=\"premium-blog-post-container premium-blog-skin-classic\">\r\n\t\t\t\t\t\t\t\t\t<div class=\"premium-blog-thumb-effect-wrapper\">\r\n\t\t\t\t\t\t<div class=\"premium-blog-thumbnail-container premium-blog-zoomin-effect\">\r\n\t\t\t\t\t\t\t<img loading=\"lazy\" width=\"1249\" height=\"800\" src=\"https:\/\/meyei-group.com\/wp-content\/uploads\/2023\/05\/blog-2.jpg\" class=\"attachment-full size-full wp-image-414\" alt=\"\" decoding=\"async\" srcset=\"https:\/\/meyei-group.com\/wp-content\/uploads\/2023\/05\/blog-2.jpg 1249w, https:\/\/meyei-group.com\/wp-content\/uploads\/2023\/05\/blog-2-300x192.jpg 300w, https:\/\/meyei-group.com\/wp-content\/uploads\/2023\/05\/blog-2-1024x656.jpg 1024w, https:\/\/meyei-group.com\/wp-content\/uploads\/2023\/05\/blog-2-768x492.jpg 768w\" sizes=\"(max-width: 1249px) 100vw, 1249px\" \/>\t\t\t\t\t\t<\/div>\r\n\t\t\t\t\t\t\t\t\t\t\t\t\t<div class=\"premium-blog-thumbnail-overlay\">\r\n\t\t\t\t\t\t\t\t<a class=\"elementor-icon\" href=\"https:\/\/meyei-group.com\/en\/what-is-international-trading\/\" target=\"_blank\" aria-hidden=\"true\"><span>What is International Trading<\/span><\/a>\r\n\t\t\t\t\t\t\t<\/div>\r\n\t\t\t\t\t\t\t\t\t\t\t<\/div>\r\n\t\t\t\t\t\t\t\t\t\t\t\t<div class=\"premium-blog-content-wrapper\">\r\n\r\n\t\t\t\t\t<div class=\"premium-blog-inner-container\">\r\n\r\n\t\t\t\t\t\t\t\t\t\t\t\t\t\t<h2 class=\"premium-blog-entry-title\">\r\n\t\t\t<a href=\"https:\/\/meyei-group.com\/en\/what-is-international-trading\/\" target=\"_blank\">\r\n\t\t\t\tWhat is International Trading\t\t\t<\/a>\r\n\t\t<\/h2>\r\n\t\t\t\t<div class=\"premium-blog-entry-meta\">\r\n\t\t\t\r\n\t\t\t\r\n\t\t\t\r\n\t\t\t\t\t<\/div>\r\n\t\t\r\n\t\t\t\t\t<\/div>\r\n\r\n\t\t\t\t\t\t\t<div class=\"premium-blob-content-inner-wrapper\">\r\n\t\t<p class=\"premium-blog-post-content\">International trading, also known as international trade or global trade, refers to the exchange of goods, services, and capital between countries or across national borders. It involves the buying and selling of products and services across international markets, facilitating the flow of goods and resources between nations.<\/p>\t\t <\/div>\r\n\t\t \t\t\t\t\t\r\n\t\t\t\t<\/div>\r\n\t\t\t<\/div>\r\n\t\t<\/div>\r\n\r\n\t\t\t\t<div class=\"premium-blog-post-outer-container\" data-total=\"1\">\r\n\t\t\t<div class=\"premium-blog-post-container premium-blog-skin-classic\">\r\n\t\t\t\t\t\t\t\t\t<div class=\"premium-blog-thumb-effect-wrapper\">\r\n\t\t\t\t\t\t<div class=\"premium-blog-thumbnail-container premium-blog-zoomin-effect\">\r\n\t\t\t\t\t\t\t<img loading=\"lazy\" width=\"1249\" height=\"800\" src=\"https:\/\/meyei-group.com\/wp-content\/uploads\/2023\/05\/blog-1.jpg\" class=\"attachment-full size-full wp-image-411\" alt=\"\" decoding=\"async\" srcset=\"https:\/\/meyei-group.com\/wp-content\/uploads\/2023\/05\/blog-1.jpg 1249w, https:\/\/meyei-group.com\/wp-content\/uploads\/2023\/05\/blog-1-300x192.jpg 300w, https:\/\/meyei-group.com\/wp-content\/uploads\/2023\/05\/blog-1-1024x656.jpg 1024w, https:\/\/meyei-group.com\/wp-content\/uploads\/2023\/05\/blog-1-768x492.jpg 768w\" sizes=\"(max-width: 1249px) 100vw, 1249px\" \/>\t\t\t\t\t\t<\/div>\r\n\t\t\t\t\t\t\t\t\t\t\t\t\t<div class=\"premium-blog-thumbnail-overlay\">\r\n\t\t\t\t\t\t\t\t<a class=\"elementor-icon\" href=\"https:\/\/meyei-group.com\/en\/what-is-media-maketing\/\" target=\"_blank\" aria-hidden=\"true\"><span>What is Media and Marketing ?<\/span><\/a>\r\n\t\t\t\t\t\t\t<\/div>\r\n\t\t\t\t\t\t\t\t\t\t\t<\/div>\r\n\t\t\t\t\t\t\t\t\t\t\t\t<div class=\"premium-blog-content-wrapper\">\r\n\r\n\t\t\t\t\t<div class=\"premium-blog-inner-container\">\r\n\r\n\t\t\t\t\t\t\t\t\t\t\t\t\t\t<h2 class=\"premium-blog-entry-title\">\r\n\t\t\t<a href=\"https:\/\/meyei-group.com\/en\/what-is-media-maketing\/\" target=\"_blank\">\r\n\t\t\t\tWhat is Media and Marketing ?\t\t\t<\/a>\r\n\t\t<\/h2>\r\n\t\t\t\t<div class=\"premium-blog-entry-meta\">\r\n\t\t\t\r\n\t\t\t\r\n\t\t\t\r\n\t\t\t\t\t<\/div>\r\n\t\t\r\n\t\t\t\t\t<\/div>\r\n\r\n\t\t\t\t\t\t\t<div class=\"premium-blob-content-inner-wrapper\">\r\n\t\t<p class=\"premium-blog-post-content\">Media marketing, also known as media advertising or simply advertising, refers to the practice of promoting products, services, or brands through various media channels to reach and engage a target audience<\/p>\t\t <\/div>\r\n\t\t \t\t\t\t\t\r\n\t\t\t\t<\/div>\r\n\t\t\t<\/div>\r\n\t\t<\/div>\r\n\r\n\t\t\t\t<\/div>\r\n\r\n\t\t\t\t<\/div>\n\t\t\t\t<\/div>\n\t\t\t\t\t<\/div>\n\t\t<\/div>\n\t\t\t\t\t\t\t<\/div>\n\t\t<\/section>\n\t\t\t\t\t<\/div>\n\t\t<\/div>\n\t\t\t\t\t\t\t<\/div>\n\t\t<\/section>\n\t\t\t\t\t\t\t<\/div>","protected":false},"excerpt":{"rendered":"<p>MAKALELER 2022 y\u0131l\u0131nda kurulan Meyei&#8217;nin birincil hedefi, d\u00fcnya \u00e7ap\u0131nda ticari hizmetlerin kalitesini art\u0131rmakt\u0131r. \u015eirketimizin yeni alanlara ve sekt\u00f6rlere do\u011fru geni\u015flemesi, m\u00fc\u015fterilerimizin gereksinimlerini kar\u015f\u0131lamak \u00fczere gerekli yetenek, altyap\u0131 ve bilgi birikimini geli\u015ftirmeye olan kararl\u0131l\u0131\u011f\u0131m\u0131z\u0131n do\u011frudan bir neticesidir. Meyei&#8217;nin ba\u015far\u0131s\u0131n\u0131n temelinde, hem \u015firket i\u00e7inde hem de \u015firket d\u0131\u015f\u0131nda meslekta\u015flar\u0131m\u0131z ve m\u00fc\u015fterilerimizle i\u015fbirli\u011fi yapmak yatmaktad\u0131r. Meyei, m\u00fchendislik\/proje y\u00f6netimi, &hellip;<\/p>\n<p class=\"read-more\"> <a class=\"\" href=\"https:\/\/meyei-group.com\/en\/what-is-media-maketing\/\"> <span class=\"screen-reader-text\">What is Media and Marketing ?<\/span> Read More &raquo;<\/a><\/p>","protected":false},"author":1,"featured_media":0,"parent":0,"menu_order":0,"comment_status":"closed","ping_status":"closed","template":"","meta":{"site-sidebar-layout":"no-sidebar","site-content-layout":"page-builder","ast-global-header-display":"","ast-banner-title-visibility":"","ast-main-header-display":"","ast-hfb-above-header-display":"","ast-hfb-below-header-display":"","ast-hfb-mobile-header-display":"","site-post-title":"disabled","ast-breadcrumbs-content":"","ast-featured-img":"disabled","footer-sml-layout":"","theme-transparent-header-meta":"","adv-header-id-meta":"","stick-header-meta":"","header-above-stick-meta":"","header-main-stick-meta":"","header-below-stick-meta":"","footnotes":""},"_links":{"self":[{"href":"https:\/\/meyei-group.com\/en\/wp-json\/wp\/v2\/pages\/81"}],"collection":[{"href":"https:\/\/meyei-group.com\/en\/wp-json\/wp\/v2\/pages"}],"about":[{"href":"https:\/\/meyei-group.com\/en\/wp-json\/wp\/v2\/types\/page"}],"author":[{"embeddable":true,"href":"https:\/\/meyei-group.com\/en\/wp-json\/wp\/v2\/users\/1"}],"replies":[{"embeddable":true,"href":"https:\/\/meyei-group.com\/en\/wp-json\/wp\/v2\/comments?post=81"}],"version-history":[{"count":97,"href":"https:\/\/meyei-group.com\/en\/wp-json\/wp\/v2\/pages\/81\/revisions"}],"predecessor-version":[{"id":4282,"href":"https:\/\/meyei-group.com\/en\/wp-json\/wp\/v2\/pages\/81\/revisions\/4282"}],"wp:attachment":[{"href":"https:\/\/meyei-group.com\/en\/wp-json\/wp\/v2\/media?parent=81"}],"curies":[{"name":"wp","href":"https:\/\/api.w.org\/{rel}","templated":true}]}}