{"id":2568,"date":"2023-06-01T14:01:15","date_gmt":"2023-06-01T14:01:15","guid":{"rendered":"https:\/\/meyei-group.com\/?page_id=2568"},"modified":"2023-07-06T14:40:06","modified_gmt":"2023-07-06T14:40:06","slug":"services","status":"publish","type":"page","link":"https:\/\/meyei-group.com\/en\/services\/","title":{"rendered":"Services"},"content":{"rendered":"<div data-elementor-type=\"wp-page\" data-elementor-id=\"2568\" class=\"elementor elementor-2568\">\n\t\t\t\t\t\t\t\t\t<section class=\"elementor-section elementor-top-section elementor-element elementor-element-b7c3669 elementor-section-height-min-height elementor-section-boxed elementor-section-height-default elementor-section-items-middle\" data-id=\"b7c3669\" data-element_type=\"section\" data-settings=\"{&quot;background_background&quot;:&quot;classic&quot;,&quot;jet_parallax_layout_list&quot;:[]}\">\n\t\t\t\t\t\t\t<div class=\"elementor-background-overlay\"><\/div>\n\t\t\t\t\t\t\t<div class=\"elementor-container elementor-column-gap-default\">\n\t\t\t\t\t<div class=\"elementor-column elementor-col-100 elementor-top-column elementor-element elementor-element-1ca0b31\" data-id=\"1ca0b31\" data-element_type=\"column\">\n\t\t\t<div class=\"elementor-widget-wrap elementor-element-populated\">\n\t\t\t\t\t\t\t\t<div class=\"elementor-element elementor-element-d506caf elementor-widget elementor-widget-heading\" data-id=\"d506caf\" data-element_type=\"widget\" data-widget_type=\"heading.default\">\n\t\t\t\t<div class=\"elementor-widget-container\">\n\t\t\t<style>\/*! elementor - v3.14.0 - 18-06-2023 *\/\n.elementor-heading-title{padding:0;margin:0;line-height:1}.elementor-widget-heading .elementor-heading-title[class*=elementor-size-]>a{color:inherit;font-size:inherit;line-height:inherit}.elementor-widget-heading .elementor-heading-title.elementor-size-small{font-size:15px}.elementor-widget-heading .elementor-heading-title.elementor-size-medium{font-size:19px}.elementor-widget-heading .elementor-heading-title.elementor-size-large{font-size:29px}.elementor-widget-heading .elementor-heading-title.elementor-size-xl{font-size:39px}.elementor-widget-heading .elementor-heading-title.elementor-size-xxl{font-size:59px}<\/style><h1 class=\"elementor-heading-title elementor-size-default\">Services<\/h1>\t\t<\/div>\n\t\t\t\t<\/div>\n\t\t\t\t<div class=\"elementor-element elementor-element-69e3554 elementor-widget elementor-widget-heading\" data-id=\"69e3554\" data-element_type=\"widget\" data-widget_type=\"heading.default\">\n\t\t\t\t<div class=\"elementor-widget-container\">\n\t\t\t<h4 class=\"elementor-heading-title elementor-size-default\">In Europe, Asia, the Middle East, South America, Africa, and North America, we offer our professional services through three primary business units: Advisory &amp; Engineering, International Trading, and Media &amp; Marketing.<\/h4>\t\t<\/div>\n\t\t\t\t<\/div>\n\t\t\t\t\t<\/div>\n\t\t<\/div>\n\t\t\t\t\t\t\t<\/div>\n\t\t<\/section>\n\t\t\t\t<section class=\"elementor-section elementor-top-section elementor-element elementor-element-0d44e02 elementor-section-boxed elementor-section-height-default elementor-section-height-default\" data-id=\"0d44e02\" data-element_type=\"section\" data-settings=\"{&quot;background_background&quot;:&quot;classic&quot;,&quot;jet_parallax_layout_list&quot;:[]}\">\n\t\t\t\t\t\t<div class=\"elementor-container elementor-column-gap-default\">\n\t\t\t\t\t<div class=\"elementor-column elementor-col-100 elementor-top-column elementor-element elementor-element-1e6424f\" data-id=\"1e6424f\" data-element_type=\"column\">\n\t\t\t<div class=\"elementor-widget-wrap elementor-element-populated\">\n\t\t\t\t\t\t\t\t<section class=\"elementor-section elementor-inner-section elementor-element elementor-element-e8c21ff elementor-section-boxed elementor-section-height-default elementor-section-height-default\" data-id=\"e8c21ff\" data-element_type=\"section\" data-settings=\"{&quot;jet_parallax_layout_list&quot;:[]}\">\n\t\t\t\t\t\t<div class=\"elementor-container elementor-column-gap-default\">\n\t\t\t\t\t<div class=\"elementor-column elementor-col-33 elementor-inner-column elementor-element elementor-element-11d30dc\" data-id=\"11d30dc\" data-element_type=\"column\">\n\t\t\t<div class=\"elementor-widget-wrap\">\n\t\t\t\t\t\t\t\t\t<\/div>\n\t\t<\/div>\n\t\t\t\t<div class=\"elementor-column elementor-col-33 elementor-inner-column elementor-element elementor-element-4dcf7d6\" data-id=\"4dcf7d6\" data-element_type=\"column\">\n\t\t\t<div class=\"elementor-widget-wrap elementor-element-populated\">\n\t\t\t\t\t\t\t\t<div class=\"elementor-element elementor-element-ab32c1e elementor-invisible elementor-widget elementor-widget-heading\" data-id=\"ab32c1e\" data-element_type=\"widget\" data-settings=\"{&quot;_animation&quot;:&quot;fadeInDown&quot;}\" data-widget_type=\"heading.default\">\n\t\t\t\t<div class=\"elementor-widget-container\">\n\t\t\t<h2 class=\"elementor-heading-title elementor-size-default\">Services<\/h2>\t\t<\/div>\n\t\t\t\t<\/div>\n\t\t\t\t<div class=\"elementor-element elementor-element-2cb6ef9 elementor-widget elementor-widget-text-editor\" data-id=\"2cb6ef9\" data-element_type=\"widget\" data-widget_type=\"text-editor.default\">\n\t\t\t\t<div class=\"elementor-widget-container\">\n\t\t\t<style>\/*! elementor - v3.14.0 - 18-06-2023 *\/\n.elementor-widget-text-editor.elementor-drop-cap-view-stacked .elementor-drop-cap{background-color:#69727d;color:#fff}.elementor-widget-text-editor.elementor-drop-cap-view-framed .elementor-drop-cap{color:#69727d;border:3px solid;background-color:transparent}.elementor-widget-text-editor:not(.elementor-drop-cap-view-default) .elementor-drop-cap{margin-top:8px}.elementor-widget-text-editor:not(.elementor-drop-cap-view-default) .elementor-drop-cap-letter{width:1em;height:1em}.elementor-widget-text-editor .elementor-drop-cap{float:left;text-align:center;line-height:1;font-size:50px}.elementor-widget-text-editor .elementor-drop-cap-letter{display:inline-block}<\/style>\t\t\t\t<p>Meyei provides engineering and project management, media and marketing, and international trade services to small and medium-sized firms.<\/p>\t\t\t\t\t\t<\/div>\n\t\t\t\t<\/div>\n\t\t\t\t\t<\/div>\n\t\t<\/div>\n\t\t\t\t<div class=\"elementor-column elementor-col-33 elementor-inner-column elementor-element elementor-element-54a323a\" data-id=\"54a323a\" data-element_type=\"column\">\n\t\t\t<div class=\"elementor-widget-wrap\">\n\t\t\t\t\t\t\t\t\t<\/div>\n\t\t<\/div>\n\t\t\t\t\t\t\t<\/div>\n\t\t<\/section>\n\t\t\t\t<section class=\"elementor-section elementor-inner-section elementor-element elementor-element-dc94314 elementor-section-boxed elementor-section-height-default elementor-section-height-default\" data-id=\"dc94314\" data-element_type=\"section\" data-settings=\"{&quot;jet_parallax_layout_list&quot;:[]}\">\n\t\t\t\t\t\t<div class=\"elementor-container elementor-column-gap-default\">\n\t\t\t\t\t<div class=\"elementor-column elementor-col-33 elementor-inner-column elementor-element elementor-element-3de22f6\" data-id=\"3de22f6\" data-element_type=\"column\">\n\t\t\t<div class=\"elementor-widget-wrap elementor-element-populated\">\n\t\t\t\t\t\t\t\t<div class=\"elementor-element elementor-element-e658b60 ekit-equal-height-disable elementor-widget elementor-widget-elementskit-icon-box\" data-id=\"e658b60\" data-element_type=\"widget\" data-widget_type=\"elementskit-icon-box.default\">\n\t\t\t\t<div class=\"elementor-widget-container\">\n\t\t\t<div class=\"ekit-wid-con\" >        <!-- link opening -->\n                <a href=\"https:\/\/meyei-group.com\/en\/international-trading\/\" target=\"_self\" rel=\"\" class=\"ekit_global_links\">\n                <!-- end link opening -->\n\n        <div class=\"elementskit-infobox text-center text- icon-top-align elementor-animation-  gradient-active  hover_from_bottom\">\n                    <div class=\"elementskit-box-header elementor-animation-\">\n                <div class=\"elementskit-info-box-icon\">\n                    <svg xmlns=\"http:\/\/www.w3.org\/2000\/svg\" xmlns:xlink=\"http:\/\/www.w3.org\/1999\/xlink\" fill=\"#000000\" height=\"800px\" width=\"800px\" id=\"Layer_1\" viewbox=\"-351 153 256 256\" xml:space=\"preserve\"><path d=\"M-236.7,263.7l-5.5,0.2l0.2,34.8h5.3V263.7z M-242,228.6l4.5,6.9l0.6-46.5h-5.2V228.6z M-113.8,189h5.3v109.8h-5.3V189z  M-210.7,266.5h12.5v20.4h-12.5V266.5z M-189.8,246.1h12.5v40.8h-12.5V246.1z M-168.8,238.2h12.5v48.8h-12.5V238.2z M-147.9,219.2 h12.5v67.8h-12.5V219.2z M-292.3,199.2c11.4,0,20.6-9.2,20.6-20.6s-9.2-20.6-20.6-20.6c-11.4,0-20.6,9.2-20.6,20.6 S-303.7,199.2-292.3,199.2z M-240.7,259h33.7c11.7,0,12.5-18.3-0.4-18.3h-32.3l-0.9-1.3l-17.8-25.8c-5.4-7.7-11.7-11-20.4-11h-27.5 c-8.7,0-15,3.6-20.4,11l-17.5,25.6V259v32.7c0,5,4.1,9.1,9.1,9.1s9.1-4.1,9.1-9.1v-45.2l8.3-11.9l0.2,157.7 c0,7.6,5.3,11.3,10.8,11.7c6,0.3,12.4-3.7,12.3-12.1l0.2-91.7h1.8h1.8l0.2,91.7c0,8.1,5.9,12.1,11.8,12.1c5.7,0,11.3-3.9,11.3-11.7 l0.3-157.7l14.1,20.2c2,3.1,5.6,4.2,8.5,4.2H-240.7z M-248.2,180v9h6.3h5.2h123h5.3h6.4v-9H-248.2z M-236.7,298.8h-5.3h-6.3v9h67.8 V307h6.6v0.8h71.7v-9h-6.4h-5.3H-236.7z M-173.9,307h-6.6v0.8v62.5l-29,29h9.3l19.7-19.7v19.7h6.6v-19.7l19.9,19.7h9.2l-29-29v-62.5 V307z\"><\/path><\/svg>\n                <\/div>\n          <\/div>\n                        <div class=\"box-body\">\n                            <h3 class=\"elementskit-info-box-title\">\n                    International Trade                <\/h3>\n                        \t\t  <p>Business intelligence, commercial mediation, business facilitation, and marketing research<\/p>\n                                <\/div>\n        \n        \n                <\/div>\n                <\/a>\n        <\/div>\t\t<\/div>\n\t\t\t\t<\/div>\n\t\t\t\t\t<\/div>\n\t\t<\/div>\n\t\t\t\t<div class=\"elementor-column elementor-col-33 elementor-inner-column elementor-element elementor-element-40de233\" data-id=\"40de233\" data-element_type=\"column\">\n\t\t\t<div class=\"elementor-widget-wrap elementor-element-populated\">\n\t\t\t\t\t\t\t\t<div class=\"elementor-element elementor-element-4faa97d ekit-equal-height-disable elementor-widget elementor-widget-elementskit-icon-box\" data-id=\"4faa97d\" data-element_type=\"widget\" data-widget_type=\"elementskit-icon-box.default\">\n\t\t\t\t<div class=\"elementor-widget-container\">\n\t\t\t<div class=\"ekit-wid-con\" >        <!-- link opening -->\n                <a href=\"https:\/\/meyei-group.com\/en\/media-marketing\/\" target=\"_self\" rel=\"\" class=\"ekit_global_links\">\n                <!-- end link opening -->\n\n        <div class=\"elementskit-infobox text-center text- icon-top-align elementor-animation-  gradient-active  hover_from_bottom\">\n                    <div class=\"elementskit-box-header elementor-animation-\">\n                <div class=\"elementskit-info-box-icon\">\n                    <svg xmlns=\"http:\/\/www.w3.org\/2000\/svg\" xmlns:xlink=\"http:\/\/www.w3.org\/1999\/xlink\" fill=\"#000000\" height=\"800px\" width=\"800px\" id=\"Layer_1\" viewbox=\"0 0 24 24\" xml:space=\"preserve\"><path d=\"M23.4,13.3C23,13.1,22.4,13,22,13.2l-1,0.4v-12C21,0.7,20.3,0,19.5,0h-2C16.7,0,16,0.7,16,1.5V3h-2.5C12.7,3,12,3.7,12,4.5 V8H9.5C8.7,8,8,8.7,8,9.5v5.2l-3,0.7v-0.3c0-0.6-0.3-1.1-0.8-1.3L3,13.2C2.8,12.5,2.2,12,1.5,12h-1C0.2,12,0,12.2,0,12.5v11 C0,23.8,0.2,24,0.5,24h1c0.7,0,1.3-0.5,1.5-1.2l1.2-0.6C4.6,22,4.9,21.5,5,21l4.8,2.8c0.2,0.1,0.5,0.2,0.8,0.2 c0.2,0,0.5-0.1,0.7-0.2l12-6.4c0.5-0.3,0.8-0.8,0.8-1.3v-1.5C24,14.1,23.8,13.6,23.4,13.3z M2,22.5C2,22.8,1.8,23,1.5,23H1V13h0.5 C1.8,13,2,13.2,2,13.5V22.5z M4,20.9c0,0.2-0.1,0.4-0.3,0.4L3,21.7v-7.4l0.7,0.4C3.9,14.8,4,14.9,4,15.1V20.9z M17,1.5 C17,1.2,17.2,1,17.5,1h2C19.8,1,20,1.2,20,1.5v12.4L17,15V1.5z M13,4.5C13,4.2,13.2,4,13.5,4H16v11.4l-1.4,0.5l-0.3-1.1 c-0.2-0.6-0.7-1-1.2-1.1V4.5z M9,9.5C9,9.2,9.2,9,9.5,9H12v4.8l-3,0.7V9.5z M23,16c0,0.2-0.1,0.4-0.3,0.4l-12,6.5 c-0.1,0.1-0.3,0.1-0.5,0L5,19.9v-3.5l7.7-1.7c0.3-0.1,0.5,0.1,0.6,0.4l0.5,1.6c0,0.1,0,0.3,0,0.4c-0.1,0.1-0.2,0.2-0.3,0.2l-3,0.7 c-0.3,0.1-0.4,0.3-0.4,0.6c0.1,0.2,0.3,0.4,0.5,0.4c0,0,0.1,0,0.1,0l3-0.7c0.4-0.1,0.7-0.4,0.9-0.7c0.1-0.2,0.2-0.4,0.2-0.6l7.6-2.8 c0.2-0.1,0.3,0,0.5,0.1c0.1,0.1,0.2,0.2,0.2,0.4V16z\"><\/path><\/svg>\n                <\/div>\n          <\/div>\n                        <div class=\"box-body\">\n                            <h3 class=\"elementskit-info-box-title\">\n                    Digital Marketing                <\/h3>\n                        \t\t  <p>PPC Ads, Website Development, SEO, Email Marketing, Logo Design, and Social Media Marketing.\n\n<\/p>\n                                <\/div>\n        \n        \n                <\/div>\n                <\/a>\n        <\/div>\t\t<\/div>\n\t\t\t\t<\/div>\n\t\t\t\t\t<\/div>\n\t\t<\/div>\n\t\t\t\t<div class=\"elementor-column elementor-col-33 elementor-inner-column elementor-element elementor-element-77a4b4f\" data-id=\"77a4b4f\" data-element_type=\"column\">\n\t\t\t<div class=\"elementor-widget-wrap elementor-element-populated\">\n\t\t\t\t\t\t\t\t<div class=\"elementor-element elementor-element-deed979 ekit-equal-height-disable elementor-widget elementor-widget-elementskit-icon-box\" data-id=\"deed979\" data-element_type=\"widget\" data-widget_type=\"elementskit-icon-box.default\">\n\t\t\t\t<div class=\"elementor-widget-container\">\n\t\t\t<div class=\"ekit-wid-con\" >        <!-- link opening -->\n                <a href=\"https:\/\/meyei-group.com\/en\/engineering-consulting\/\" target=\"_self\" rel=\"\" class=\"ekit_global_links\">\n                <!-- end link opening -->\n\n        <div class=\"elementskit-infobox text-center text- icon-top-align elementor-animation-  gradient-active  hover_from_bottom\">\n                    <div class=\"elementskit-box-header elementor-animation-\">\n                <div class=\"elementskit-info-box-icon\">\n                    <svg xmlns=\"http:\/\/www.w3.org\/2000\/svg\" xmlns:xlink=\"http:\/\/www.w3.org\/1999\/xlink\" fill=\"#000000\" width=\"800px\" height=\"800px\" viewbox=\"0 0 512 512\" xml:space=\"preserve\"><g id=\"_x37_20_x2C__development_x2C__human_x2C__network_x2C__personality_x2C__self\"><g><path d=\"M293.234,452.478v-93.249H186.927v93.249h50.293V397.97    c0-1.572,1.288-2.839,2.86-2.839s2.862,1.267,2.862,2.839v54.508H293.234z M167.295,472.371c-1.572,0-2.862-1.288-2.862-2.86    s1.29-2.86,2.862-2.86H329.29c1.572,0,2.86,1.288,2.86,2.86s-1.288,2.86-2.86,2.86H167.295z M129.318,485.584    c-1.572,0-2.862-1.267-2.862-2.839s1.29-2.862,2.862-2.862h63.09c1.572,0,2.86,1.29,2.86,2.862s-1.288,2.839-2.86,2.839H129.318z     M237.985,124.797V65.069c0-0.37,0.065-0.698,0.197-1.004l-17.711-17.689l20.375-20.374l10.176,10.176l10.199,10.198    l-17.711,17.689c0.132,0.306,0.175,0.634,0.175,1.004v59.728c3.362,0.24,6.574,0.916,9.63,1.943    c-0.044,6.355-3.778,12.164-9.739,16.422l-0.132,0.109c-6.289,4.455-15.024,7.207-24.7,7.207c-2.969,0-5.852-0.262-8.56-0.742    c-1.834-0.328-3.582-0.742-5.286-1.268c1.135-2.664,2.578-5.197,4.238-7.512l-49.201-28.652l-24.175,6.486l-7.447-27.843    l13.912-3.713l13.91-3.734l6.355,23.716l50.358,29.308l0.393-0.394C219.685,129.711,228.353,125.496,237.985,124.797z     M268.884,136.59l50.163-28.805l6.509-24.284l27.821,7.447l-3.735,13.933l-3.712,13.91l-23.606-6.333l-49.747,28.563    c2.183,3.036,3.931,6.377,5.175,9.981l-0.918,0.087c-1.353,0.109-2.772,0.174-4.213,0.174c-5.045,0-9.828-0.742-14.13-2.096    c-3.146-0.961-6.027-2.248-8.561-3.8c5.001-4.499,8.254-10.09,8.954-16.247c3.537,1.834,6.77,4.215,9.565,7.01L268.884,136.59z     M278.407,174.392l43.479,25.112l24.043-6.441l7.447,27.844l-13.911,3.734l-13.91,3.711l-6.399-23.847l-42.737-24.698    c-1.944,4.324-4.673,8.211-7.97,11.531c-7.077,7.054-16.839,11.422-27.604,11.422c-10.788,0-20.55-4.368-27.604-11.422    c-3.297-3.298-6.028-7.207-7.97-11.51l-42.825,24.984l-6.312,23.539l-27.822-7.445l3.713-13.911l3.734-13.933l24.328,6.529    l43.195-25.2c-0.959-3.385-1.484-6.966-1.484-10.658c0-3.405,0.458-6.726,1.267-9.87c1.986,0.612,4.04,1.113,6.136,1.484    c3.08,0.547,6.268,0.83,9.542,0.83c10.069,0,19.283-2.708,26.337-7.163c3.408,2.337,7.359,4.237,11.706,5.591    c4.869,1.528,10.22,2.358,15.833,2.358c1.549,0,3.101-0.065,4.673-0.196l1.921-0.197c0.438,2.316,0.655,4.717,0.655,7.163    C279.869,167.426,279.367,171.007,278.407,174.392z M249.559,485.999c-1.574,0-2.862-1.268-2.862-2.84s1.288-2.86,2.862-2.86    h133.146c1.572,0,2.838,1.288,2.838,2.86s-1.266,2.84-2.838,2.84H249.559z M224.117,333h25.856    c-2.839-27.537-6.529-52.716-6.552-80.188h-11.093v16.619L224.117,333z M234.949,246.676l-20.943-20.157l-1.005,20.571h22.515    L234.949,246.676z M262.246,227.742l-21.14,18.91c-0.196,0.176-0.393,0.328-0.61,0.438h22.318L262.246,227.742z M321.734,353.529    V244.906l-53.919-21.184l0.764,26.141c0.044,1.572-1.2,2.883-2.772,2.928l-16.685,0.021v16.553l6.856,66.498    c0,1.572-1.265,2.839-2.86,2.839l-32.582-0.022c-1.572-0.196-2.664-1.616-2.467-3.188l8.56-66.17v-16.509h-16.619    c-1.572,0-2.86-1.288-2.86-2.86l1.223-24.677l-49.965,19.632v108.623h22.581v-76.651h5.939v76.651h105.369v-76.651h5.939v76.651    H321.734z\" style=\"fill-rule:evenodd;clip-rule:evenodd;\"><\/path><\/g><\/g><g id=\"Layer_1\"><\/g><\/svg>\n                <\/div>\n          <\/div>\n                        <div class=\"box-body\">\n                            <h3 class=\"elementskit-info-box-title\">\n                    Mechanical Engineering &amp; 3D Design                <\/h3>\n                        \t\t  <p>Ideas, research, modeling, Insights and more.\n\n<\/p>\n                                <\/div>\n        \n        \n                <\/div>\n                <\/a>\n        <\/div>\t\t<\/div>\n\t\t\t\t<\/div>\n\t\t\t\t\t<\/div>\n\t\t<\/div>\n\t\t\t\t\t\t\t<\/div>\n\t\t<\/section>\n\t\t\t\t\t<\/div>\n\t\t<\/div>\n\t\t\t\t\t\t\t<\/div>\n\t\t<\/section>\n\t\t\t\t\t\t\t<\/div>","protected":false},"excerpt":{"rendered":"<p>Hizmetlerimiz Avrupa, Asya, Orta Do\u011fu, G\u00fcney Amerika, Afrika ve Kuzey Amerika&#8217;da sundu\u011fumuz profesyonel hizmetleri \u00fc\u00e7 ana birim \u00fczerinden y\u00fcr\u00fct\u00fcyoruz: Dan\u0131\u015fmanl\u0131k ve M\u00fchendislik, Uluslararas\u0131 Ticaret ve Medya ve Pazarlama. Hizmetlerimiz Meyei, k\u00fc\u00e7\u00fck ve orta \u00f6l\u00e7ekli firmalara m\u00fchendislik ve proje y\u00f6netimi, medya ve pazarlama ve uluslararas\u0131 ticaret hizmetleri sunmaktad\u0131r. Uluslararas\u0131 Faaliyet Hizmetleri Ticari zek\u00e2, ticari arabuluculuk, ticari &hellip;<\/p>\n<p class=\"read-more\"> <a class=\"\" href=\"https:\/\/meyei-group.com\/en\/services\/\"> <span class=\"screen-reader-text\">Services<\/span> Read More &raquo;<\/a><\/p>","protected":false},"author":1,"featured_media":0,"parent":0,"menu_order":0,"comment_status":"closed","ping_status":"closed","template":"","meta":{"site-sidebar-layout":"no-sidebar","site-content-layout":"page-builder","ast-global-header-display":"","ast-banner-title-visibility":"","ast-main-header-display":"","ast-hfb-above-header-display":"","ast-hfb-below-header-display":"","ast-hfb-mobile-header-display":"","site-post-title":"disabled","ast-breadcrumbs-content":"","ast-featured-img":"disabled","footer-sml-layout":"","theme-transparent-header-meta":"","adv-header-id-meta":"","stick-header-meta":"","header-above-stick-meta":"","header-main-stick-meta":"","header-below-stick-meta":"","footnotes":""},"_links":{"self":[{"href":"https:\/\/meyei-group.com\/en\/wp-json\/wp\/v2\/pages\/2568"}],"collection":[{"href":"https:\/\/meyei-group.com\/en\/wp-json\/wp\/v2\/pages"}],"about":[{"href":"https:\/\/meyei-group.com\/en\/wp-json\/wp\/v2\/types\/page"}],"author":[{"embeddable":true,"href":"https:\/\/meyei-group.com\/en\/wp-json\/wp\/v2\/users\/1"}],"replies":[{"embeddable":true,"href":"https:\/\/meyei-group.com\/en\/wp-json\/wp\/v2\/comments?post=2568"}],"version-history":[{"count":43,"href":"https:\/\/meyei-group.com\/en\/wp-json\/wp\/v2\/pages\/2568\/revisions"}],"predecessor-version":[{"id":4311,"href":"https:\/\/meyei-group.com\/en\/wp-json\/wp\/v2\/pages\/2568\/revisions\/4311"}],"wp:attachment":[{"href":"https:\/\/meyei-group.com\/en\/wp-json\/wp\/v2\/media?parent=2568"}],"curies":[{"name":"wp","href":"https:\/\/api.w.org\/{rel}","templated":true}]}}