{"id":81,"date":"2023-05-23T13:19:47","date_gmt":"2023-05-23T13:19:47","guid":{"rendered":"https:\/\/meyei-group.com\/?page_id=81"},"modified":"2023-07-06T12:16:16","modified_gmt":"2023-07-06T12:16:16","slug":"blogs","status":"publish","type":"page","link":"https:\/\/meyei-group.com\/ar\/blogs\/","title":{"rendered":"\u0645\u0642\u0627\u0644\u0627\u062a"},"content":{"rendered":"<div data-elementor-type=\"wp-page\" data-elementor-id=\"81\" class=\"elementor elementor-81\">\n\t\t\t\t\t\t\t\t\t<section class=\"elementor-section elementor-top-section elementor-element elementor-element-796a76d elementor-section-height-min-height elementor-section-boxed elementor-section-height-default elementor-section-items-middle\" data-id=\"796a76d\" data-element_type=\"section\" data-settings=\"{&quot;background_background&quot;:&quot;classic&quot;,&quot;jet_parallax_layout_list&quot;:[]}\">\n\t\t\t\t\t\t\t<div class=\"elementor-background-overlay\"><\/div>\n\t\t\t\t\t\t\t<div class=\"elementor-container elementor-column-gap-default\">\n\t\t\t\t\t<div class=\"elementor-column elementor-col-100 elementor-top-column elementor-element elementor-element-c810abd\" data-id=\"c810abd\" data-element_type=\"column\">\n\t\t\t<div class=\"elementor-widget-wrap elementor-element-populated\">\n\t\t\t\t\t\t\t\t<div class=\"elementor-element elementor-element-7696cf8 elementor-widget elementor-widget-heading\" data-id=\"7696cf8\" data-element_type=\"widget\" data-widget_type=\"heading.default\">\n\t\t\t\t<div class=\"elementor-widget-container\">\n\t\t\t<style>\/*! elementor - v3.14.0 - 18-06-2023 *\/\n.elementor-heading-title{padding:0;margin:0;line-height:1}.elementor-widget-heading .elementor-heading-title[class*=elementor-size-]>a{color:inherit;font-size:inherit;line-height:inherit}.elementor-widget-heading .elementor-heading-title.elementor-size-small{font-size:15px}.elementor-widget-heading .elementor-heading-title.elementor-size-medium{font-size:19px}.elementor-widget-heading .elementor-heading-title.elementor-size-large{font-size:29px}.elementor-widget-heading .elementor-heading-title.elementor-size-xl{font-size:39px}.elementor-widget-heading .elementor-heading-title.elementor-size-xxl{font-size:59px}<\/style><h1 class=\"elementor-heading-title elementor-size-default\">\u0623\u062d\u062f\u062b \u0627\u0644\u0645\u0642\u0627\u0644\u0627\u062a<\/h1>\t\t<\/div>\n\t\t\t\t<\/div>\n\t\t\t\t<div class=\"elementor-element elementor-element-37bd8d1 elementor-widget elementor-widget-heading\" data-id=\"37bd8d1\" data-element_type=\"widget\" data-widget_type=\"heading.default\">\n\t\t\t\t<div class=\"elementor-widget-container\">\n\t\t\t<h4 class=\"elementor-heading-title elementor-size-default\">\u062a\u0623\u0633\u0633\u062a Meyei \u0641\u064a \u0639\u0627\u0645 2022 \u060c \u0648\u0647\u062f\u0641\u0647\u0627 \u0627\u0644\u0623\u0633\u0627\u0633\u064a \u0647\u0648 \u062a\u062d\u0633\u064a\u0646 \u062c\u0648\u062f\u0629 \u062e\u062f\u0645\u0627\u062a \u0627\u0644\u0623\u0639\u0645\u0627\u0644 \u0641\u064a \u062c\u0645\u064a\u0639 \u0623\u0646\u062d\u0627\u0621 \u0627\u0644\u0639\u0627\u0644\u0645.<\/h4>\t\t<\/div>\n\t\t\t\t<\/div>\n\t\t\t\t\t<\/div>\n\t\t<\/div>\n\t\t\t\t\t\t\t<\/div>\n\t\t<\/section>\n\t\t\t\t<section class=\"elementor-section elementor-top-section elementor-element elementor-element-f53f005 elementor-section-boxed elementor-section-height-default elementor-section-height-default\" data-id=\"f53f005\" data-element_type=\"section\" data-settings=\"{&quot;jet_parallax_layout_list&quot;:[]}\">\n\t\t\t\t\t\t<div class=\"elementor-container elementor-column-gap-default\">\n\t\t\t\t\t<div class=\"elementor-column elementor-col-100 elementor-top-column elementor-element elementor-element-5094eaa\" data-id=\"5094eaa\" data-element_type=\"column\">\n\t\t\t<div class=\"elementor-widget-wrap elementor-element-populated\">\n\t\t\t\t\t\t\t\t<section class=\"elementor-section elementor-inner-section elementor-element elementor-element-6e2df19 elementor-section-boxed elementor-section-height-default elementor-section-height-default\" data-id=\"6e2df19\" data-element_type=\"section\" data-settings=\"{&quot;jet_parallax_layout_list&quot;:[]}\">\n\t\t\t\t\t\t<div class=\"elementor-container elementor-column-gap-default\">\n\t\t\t\t\t<div class=\"elementor-column elementor-col-33 elementor-inner-column elementor-element elementor-element-526938d\" data-id=\"526938d\" data-element_type=\"column\">\n\t\t\t<div class=\"elementor-widget-wrap\">\n\t\t\t\t\t\t\t\t\t<\/div>\n\t\t<\/div>\n\t\t\t\t<div class=\"elementor-column elementor-col-33 elementor-inner-column elementor-element elementor-element-87405b7\" data-id=\"87405b7\" data-element_type=\"column\">\n\t\t\t<div class=\"elementor-widget-wrap elementor-element-populated\">\n\t\t\t\t\t\t\t\t<div class=\"elementor-element elementor-element-f3cc1fb elementor-widget elementor-widget-text-editor\" data-id=\"f3cc1fb\" data-element_type=\"widget\" data-widget_type=\"text-editor.default\">\n\t\t\t\t<div class=\"elementor-widget-container\">\n\t\t\t<style>\/*! elementor - v3.14.0 - 18-06-2023 *\/\n.elementor-widget-text-editor.elementor-drop-cap-view-stacked .elementor-drop-cap{background-color:#69727d;color:#fff}.elementor-widget-text-editor.elementor-drop-cap-view-framed .elementor-drop-cap{color:#69727d;border:3px solid;background-color:transparent}.elementor-widget-text-editor:not(.elementor-drop-cap-view-default) .elementor-drop-cap{margin-top:8px}.elementor-widget-text-editor:not(.elementor-drop-cap-view-default) .elementor-drop-cap-letter{width:1em;height:1em}.elementor-widget-text-editor .elementor-drop-cap{float:left;text-align:center;line-height:1;font-size:50px}.elementor-widget-text-editor .elementor-drop-cap-letter{display:inline-block}<\/style>\t\t\t\t<p>\u0625\u0646 \u062a\u0648\u0633\u0639 \u0634\u0631\u0643\u062a\u0646\u0627 \u0641\u064a \u0645\u062c\u0627\u0644\u0627\u062a \u0648\u0635\u0646\u0627\u0639\u0627\u062a \u062c\u062f\u064a\u062f\u0629 \u0647\u0648 \u0646\u062a\u064a\u062c\u0629 \u0645\u0628\u0627\u0634\u0631\u0629 \u0644\u0627\u0644\u062a\u0632\u0627\u0645\u0646\u0627 \u0628\u062a\u0637\u0648\u064a\u0631 \u0627\u0644\u0645\u0648\u0627\u0647\u0628 \u0648\u0627\u0644\u0628\u0646\u064a\u0629 \u0627\u0644\u062a\u062d\u062a\u064a\u0629 \u0648\u0627\u0644\u0645\u0639\u0631\u0641\u0629 \u0627\u0644\u0644\u0627\u0632\u0645\u0629 \u0644\u062a\u0644\u0628\u064a\u0629 \u0627\u062d\u062a\u064a\u0627\u062c\u0627\u062a \u0639\u0645\u0644\u0627\u0626\u0646\u0627. \u0625\u0646 \u0627\u0644\u062a\u0639\u0627\u0648\u0646 \u0645\u0639 \u0632\u0645\u0644\u0627\u0626\u0646\u0627 \u0648\u0639\u0645\u0644\u0627\u0626\u0646\u0627 \u060c \u062f\u0627\u062e\u0644\u064a\u0627 \u0648\u062e\u0627\u0631\u062c\u064a\u0627 \u060c \u0647\u0648 \u062c\u0648\u0647\u0631 \u0646\u062c\u0627\u062d Meyei. \u062a\u0642\u062f\u0645 Meyei \u062e\u062f\u0645\u0627\u062a \u0627\u0644\u062e\u0628\u0631\u0627\u0621 \u0641\u064a \u0627\u0644\u0647\u0646\u062f\u0633\u0629 \/ \u0625\u062f\u0627\u0631\u0629 \u0627\u0644\u0645\u0634\u0627\u0631\u064a\u0639 \u0648\u0627\u0644\u0625\u0639\u0644\u0627\u0645 \/ \u0627\u0644\u062a\u0633\u0648\u064a\u0642 \u0648\u0627\u0644\u062a\u062c\u0627\u0631\u0629 \u0627\u0644\u062f\u0648\u0644\u064a\u0629.<\/p>\t\t\t\t\t\t<\/div>\n\t\t\t\t<\/div>\n\t\t\t\t\t<\/div>\n\t\t<\/div>\n\t\t\t\t<div class=\"elementor-column elementor-col-33 elementor-inner-column elementor-element elementor-element-05d4720\" data-id=\"05d4720\" data-element_type=\"column\">\n\t\t\t<div class=\"elementor-widget-wrap elementor-element-populated\">\n\t\t\t\t\t\t\t\t<div class=\"elementor-element elementor-element-f634227 elementor-invisible elementor-widget elementor-widget-heading\" data-id=\"f634227\" data-element_type=\"widget\" data-settings=\"{&quot;_animation&quot;:&quot;fadeInDown&quot;}\" data-widget_type=\"heading.default\">\n\t\t\t\t<div class=\"elementor-widget-container\">\n\t\t\t<h2 class=\"elementor-heading-title elementor-size-default\">\u0623\u062d\u062f\u062b \u0627\u0644\u0645\u0642\u0627\u0644\u0627\u062a<\/h2>\t\t<\/div>\n\t\t\t\t<\/div>\n\t\t\t\t\t<\/div>\n\t\t<\/div>\n\t\t\t\t\t\t\t<\/div>\n\t\t<\/section>\n\t\t\t\t<section class=\"elementor-section elementor-inner-section elementor-element elementor-element-d819d45 elementor-section-boxed elementor-section-height-default elementor-section-height-default\" data-id=\"d819d45\" data-element_type=\"section\" data-settings=\"{&quot;jet_parallax_layout_list&quot;:[]}\">\n\t\t\t\t\t\t<div class=\"elementor-container elementor-column-gap-default\">\n\t\t\t\t\t<div class=\"elementor-column elementor-col-100 elementor-inner-column elementor-element elementor-element-bfa99ec\" data-id=\"bfa99ec\" data-element_type=\"column\">\n\t\t\t<div class=\"elementor-widget-wrap elementor-element-populated\">\n\t\t\t\t\t\t\t\t<div class=\"elementor-element elementor-element-8aae45d premium-blog-align-left elementor-widget elementor-widget-premium-addon-blog\" data-id=\"8aae45d\" data-element_type=\"widget\" data-settings=\"{&quot;premium_blog_columns_number&quot;:&quot;33.33%&quot;,&quot;premium_blog_grid&quot;:&quot;yes&quot;,&quot;premium_blog_layout&quot;:&quot;even&quot;,&quot;premium_blog_columns_number_tablet&quot;:&quot;50%&quot;,&quot;premium_blog_columns_number_mobile&quot;:&quot;100%&quot;,&quot;scroll_to_offset&quot;:&quot;yes&quot;}\" data-widget_type=\"premium-addon-blog.default\">\n\t\t\t\t<div class=\"elementor-widget-container\">\n\t\t\t\r\n\t\t\t\t<div class=\"premium-blog-wrap  premium-blog-even\" data-page=\"81\">\r\n\t\t\t\t\t<div class=\"premium-blog-post-outer-container\" data-total=\"1\">\r\n\t\t\t<div class=\"premium-blog-post-container premium-blog-skin-classic\">\r\n\t\t\t\t\t\t\t\t\t<div class=\"premium-blog-thumb-effect-wrapper\">\r\n\t\t\t\t\t\t<div class=\"premium-blog-thumbnail-container premium-blog-zoomin-effect\">\r\n\t\t\t\t\t\t\t<img loading=\"lazy\" width=\"1249\" height=\"800\" src=\"https:\/\/meyei-group.com\/wp-content\/uploads\/2023\/05\/campaign-creators-RSc6D7bO0fA-unsplash-3-1.jpg\" class=\"attachment-full size-full wp-image-463\" alt=\"\" decoding=\"async\" srcset=\"https:\/\/meyei-group.com\/wp-content\/uploads\/2023\/05\/campaign-creators-RSc6D7bO0fA-unsplash-3-1.jpg 1249w, https:\/\/meyei-group.com\/wp-content\/uploads\/2023\/05\/campaign-creators-RSc6D7bO0fA-unsplash-3-1-300x192.jpg 300w, https:\/\/meyei-group.com\/wp-content\/uploads\/2023\/05\/campaign-creators-RSc6D7bO0fA-unsplash-3-1-1024x656.jpg 1024w, https:\/\/meyei-group.com\/wp-content\/uploads\/2023\/05\/campaign-creators-RSc6D7bO0fA-unsplash-3-1-768x492.jpg 768w\" sizes=\"(max-width: 1249px) 100vw, 1249px\" \/>\t\t\t\t\t\t<\/div>\r\n\t\t\t\t\t\t\t\t\t\t\t\t\t<div class=\"premium-blog-thumbnail-overlay\">\r\n\t\t\t\t\t\t\t\t<a class=\"elementor-icon\" href=\"https:\/\/meyei-group.com\/ar\/what-is-engineering-consulting\/\" target=\"_blank\" aria-hidden=\"true\"><span>\u0645\u0627 \u0647\u064a \u0627\u0644\u0627\u0633\u062a\u0634\u0627\u0631\u0627\u062a \u0627\u0644\u0647\u0646\u062f\u0633\u064a\u0629\u061f<\/span><\/a>\r\n\t\t\t\t\t\t\t<\/div>\r\n\t\t\t\t\t\t\t\t\t\t\t<\/div>\r\n\t\t\t\t\t\t\t\t\t\t\t\t<div class=\"premium-blog-content-wrapper\">\r\n\r\n\t\t\t\t\t<div class=\"premium-blog-inner-container\">\r\n\r\n\t\t\t\t\t\t\t\t\t\t\t\t\t\t<h2 class=\"premium-blog-entry-title\">\r\n\t\t\t<a href=\"https:\/\/meyei-group.com\/ar\/what-is-engineering-consulting\/\" target=\"_blank\">\r\n\t\t\t\t\u0645\u0627 \u0647\u064a \u0627\u0644\u0627\u0633\u062a\u0634\u0627\u0631\u0627\u062a \u0627\u0644\u0647\u0646\u062f\u0633\u064a\u0629\u061f\t\t\t<\/a>\r\n\t\t<\/h2>\r\n\t\t\t\t<div class=\"premium-blog-entry-meta\">\r\n\t\t\t\r\n\t\t\t\r\n\t\t\t\r\n\t\t\t\t\t<\/div>\r\n\t\t\r\n\t\t\t\t\t<\/div>\r\n\r\n\t\t\t\t\t\t\t<div class=\"premium-blob-content-inner-wrapper\">\r\n\t\t<p class=\"premium-blog-post-content\">\u062a\u0634\u064a\u0631 \u0627\u0644\u0627\u0633\u062a\u0634\u0627\u0631\u0627\u062a \u0627\u0644\u0647\u0646\u062f\u0633\u064a\u0629 \u0625\u0644\u0649 \u062e\u062f\u0645\u0629 \u0645\u0647\u0646\u064a\u0629 \u0645\u062a\u062e\u0635\u0635\u0629 \u062a\u0642\u062f\u0645 \u0645\u0634\u0648\u0631\u0629 \u0627\u0644\u062e\u0628\u0631\u0627\u0621 \u0648\u0627\u0644\u062a\u062d\u0644\u064a\u0644 \u0648\u0627\u0644\u062d\u0644\u0648\u0644 \u0641\u064a \u0645\u062e\u062a\u0644\u0641 \u0627\u0644\u062a\u062e\u0635\u0635\u0627\u062a \u0627\u0644\u0647\u0646\u062f\u0633\u064a\u0629. \u0648\u0647\u0648 \u064a\u0646\u0637\u0648\u064a \u0639\u0644\u0649 \u0625\u0634\u0631\u0627\u0643 \u0645\u0633\u062a\u0634\u0627\u0631\u064a\u0646 \u0623\u0648 \u0634\u0631\u0643\u0627\u062a \u0647\u0646\u062f\u0633\u064a\u0629 \u062e\u0627\u0631\u062c\u064a\u0629 \u0644\u062a\u0642\u062f\u064a\u0645 \u062e\u0628\u0631\u0627\u062a\u0647\u0645 \u0648\u0631\u0624\u0627\u0647\u0645 \u062d\u0648\u0644 \u0645\u0634\u0627\u0631\u064a\u0639 \u0623\u0648 \u062a\u062d\u062f\u064a\u0627\u062a \u0647\u0646\u062f\u0633\u064a\u0629 \u0645\u062d\u062f\u062f\u0629.<\/p>\t\t <\/div>\r\n\t\t \t\t\t\t\t\r\n\t\t\t\t<\/div>\r\n\t\t\t<\/div>\r\n\t\t<\/div>\r\n\r\n\t\t\t\t<div class=\"premium-blog-post-outer-container\" data-total=\"1\">\r\n\t\t\t<div class=\"premium-blog-post-container premium-blog-skin-classic\">\r\n\t\t\t\t\t\t\t\t\t<div class=\"premium-blog-thumb-effect-wrapper\">\r\n\t\t\t\t\t\t<div class=\"premium-blog-thumbnail-container premium-blog-zoomin-effect\">\r\n\t\t\t\t\t\t\t<img loading=\"lazy\" width=\"1249\" height=\"800\" src=\"https:\/\/meyei-group.com\/wp-content\/uploads\/2023\/05\/blog-2.jpg\" class=\"attachment-full size-full wp-image-414\" alt=\"\" decoding=\"async\" srcset=\"https:\/\/meyei-group.com\/wp-content\/uploads\/2023\/05\/blog-2.jpg 1249w, https:\/\/meyei-group.com\/wp-content\/uploads\/2023\/05\/blog-2-300x192.jpg 300w, https:\/\/meyei-group.com\/wp-content\/uploads\/2023\/05\/blog-2-1024x656.jpg 1024w, https:\/\/meyei-group.com\/wp-content\/uploads\/2023\/05\/blog-2-768x492.jpg 768w\" sizes=\"(max-width: 1249px) 100vw, 1249px\" \/>\t\t\t\t\t\t<\/div>\r\n\t\t\t\t\t\t\t\t\t\t\t\t\t<div class=\"premium-blog-thumbnail-overlay\">\r\n\t\t\t\t\t\t\t\t<a class=\"elementor-icon\" href=\"https:\/\/meyei-group.com\/ar\/what-is-international-trading\/\" target=\"_blank\" aria-hidden=\"true\"><span>\u0645\u0627 \u0647\u064a \u0627\u0644\u062a\u062c\u0627\u0631\u0629 \u0627\u0644\u062f\u0648\u0644\u064a\u0629\u061f<\/span><\/a>\r\n\t\t\t\t\t\t\t<\/div>\r\n\t\t\t\t\t\t\t\t\t\t\t<\/div>\r\n\t\t\t\t\t\t\t\t\t\t\t\t<div class=\"premium-blog-content-wrapper\">\r\n\r\n\t\t\t\t\t<div class=\"premium-blog-inner-container\">\r\n\r\n\t\t\t\t\t\t\t\t\t\t\t\t\t\t<h2 class=\"premium-blog-entry-title\">\r\n\t\t\t<a href=\"https:\/\/meyei-group.com\/ar\/what-is-international-trading\/\" target=\"_blank\">\r\n\t\t\t\t\u0645\u0627 \u0647\u064a \u0627\u0644\u062a\u062c\u0627\u0631\u0629 \u0627\u0644\u062f\u0648\u0644\u064a\u0629\u061f\t\t\t<\/a>\r\n\t\t<\/h2>\r\n\t\t\t\t<div class=\"premium-blog-entry-meta\">\r\n\t\t\t\r\n\t\t\t\r\n\t\t\t\r\n\t\t\t\t\t<\/div>\r\n\t\t\r\n\t\t\t\t\t<\/div>\r\n\r\n\t\t\t\t\t\t\t<div class=\"premium-blob-content-inner-wrapper\">\r\n\t\t<p class=\"premium-blog-post-content\">\u062a\u0634\u064a\u0631 \u0627\u0644\u062a\u062c\u0627\u0631\u0629 \u0627\u0644\u062f\u0648\u0644\u064a\u0629 \u060c \u0648\u0627\u0644\u0645\u0639\u0631\u0648\u0641\u0629 \u0623\u064a\u0636\u0627 \u0628\u0627\u0633\u0645 \u0627\u0644\u062a\u062c\u0627\u0631\u0629 \u0627\u0644\u0639\u0627\u0644\u0645\u064a\u0629 \u060c \u0625\u0644\u0649 \u062a\u0628\u0627\u062f\u0644 \u0627\u0644\u0633\u0644\u0639 \u0648\u0627\u0644\u062e\u062f\u0645\u0627\u062a \u0648\u0631\u0623\u0633 \u0627\u0644\u0645\u0627\u0644 \u0628\u064a\u0646 \u0627\u0644\u0628\u0644\u062f\u0627\u0646 \u0623\u0648 \u0639\u0628\u0631 \u0627\u0644\u062d\u062f\u0648\u062f \u0627\u0644\u0648\u0637\u0646\u064a\u0629. \u0648\u0647\u0648 \u064a\u0646\u0637\u0648\u064a \u0639\u0644\u0649 \u0634\u0631\u0627\u0621 \u0648\u0628\u064a\u0639 \u0627\u0644\u0645\u0646\u062a\u062c\u0627\u062a \u0648\u0627\u0644\u062e\u062f\u0645\u0627\u062a \u0639\u0628\u0631 \u0627\u0644\u0623\u0633\u0648\u0627\u0642 \u0627\u0644\u062f\u0648\u0644\u064a\u0629 \u060c \u0645\u0645\u0627 \u064a\u0633\u0647\u0644 \u062a\u062f\u0641\u0642 \u0627\u0644\u0633\u0644\u0639 \u0648\u0627\u0644\u0645\u0648\u0627\u0631\u062f \u0628\u064a\u0646 \u0627\u0644\u062f\u0648\u0644.<\/p>\t\t <\/div>\r\n\t\t \t\t\t\t\t\r\n\t\t\t\t<\/div>\r\n\t\t\t<\/div>\r\n\t\t<\/div>\r\n\r\n\t\t\t\t<div class=\"premium-blog-post-outer-container\" data-total=\"1\">\r\n\t\t\t<div class=\"premium-blog-post-container premium-blog-skin-classic\">\r\n\t\t\t\t\t\t\t\t\t<div class=\"premium-blog-thumb-effect-wrapper\">\r\n\t\t\t\t\t\t<div class=\"premium-blog-thumbnail-container premium-blog-zoomin-effect\">\r\n\t\t\t\t\t\t\t<img loading=\"lazy\" width=\"1249\" height=\"800\" src=\"https:\/\/meyei-group.com\/wp-content\/uploads\/2023\/05\/blog-1.jpg\" class=\"attachment-full size-full wp-image-411\" alt=\"\" decoding=\"async\" srcset=\"https:\/\/meyei-group.com\/wp-content\/uploads\/2023\/05\/blog-1.jpg 1249w, https:\/\/meyei-group.com\/wp-content\/uploads\/2023\/05\/blog-1-300x192.jpg 300w, https:\/\/meyei-group.com\/wp-content\/uploads\/2023\/05\/blog-1-1024x656.jpg 1024w, https:\/\/meyei-group.com\/wp-content\/uploads\/2023\/05\/blog-1-768x492.jpg 768w\" sizes=\"(max-width: 1249px) 100vw, 1249px\" \/>\t\t\t\t\t\t<\/div>\r\n\t\t\t\t\t\t\t\t\t\t\t\t\t<div class=\"premium-blog-thumbnail-overlay\">\r\n\t\t\t\t\t\t\t\t<a class=\"elementor-icon\" href=\"https:\/\/meyei-group.com\/ar\/what-is-media-maketing\/\" target=\"_blank\" aria-hidden=\"true\"><span>\u0645\u0627 \u0647\u064a \u062e\u062f\u0645\u0627\u062a \u0627\u0644\u0625\u0639\u0644\u0627\u0645 \u0648 \u0627\u0644\u062a\u0633\u0648\u064a\u0642\u061f<\/span><\/a>\r\n\t\t\t\t\t\t\t<\/div>\r\n\t\t\t\t\t\t\t\t\t\t\t<\/div>\r\n\t\t\t\t\t\t\t\t\t\t\t\t<div class=\"premium-blog-content-wrapper\">\r\n\r\n\t\t\t\t\t<div class=\"premium-blog-inner-container\">\r\n\r\n\t\t\t\t\t\t\t\t\t\t\t\t\t\t<h2 class=\"premium-blog-entry-title\">\r\n\t\t\t<a href=\"https:\/\/meyei-group.com\/ar\/what-is-media-maketing\/\" target=\"_blank\">\r\n\t\t\t\t\u0645\u0627 \u0647\u064a \u062e\u062f\u0645\u0627\u062a \u0627\u0644\u0625\u0639\u0644\u0627\u0645 \u0648 \u0627\u0644\u062a\u0633\u0648\u064a\u0642\u061f\t\t\t<\/a>\r\n\t\t<\/h2>\r\n\t\t\t\t<div class=\"premium-blog-entry-meta\">\r\n\t\t\t\r\n\t\t\t\r\n\t\t\t\r\n\t\t\t\t\t<\/div>\r\n\t\t\r\n\t\t\t\t\t<\/div>\r\n\r\n\t\t\t\t\t\t\t<div class=\"premium-blob-content-inner-wrapper\">\r\n\t\t<p class=\"premium-blog-post-content\">\u064a\u0634\u064a\u0631 \u0627\u0644\u062a\u0633\u0648\u064a\u0642 \u0627\u0644\u0625\u0639\u0644\u0627\u0645\u064a \u060c \u0627\u0644\u0645\u0639\u0631\u0648\u0641 \u0623\u064a\u0636\u0627 \u0628\u0627\u0633\u0645 \u0627\u0644\u0625\u0639\u0644\u0627\u0646 \u0627\u0644\u0625\u0639\u0644\u0627\u0645\u064a \u0623\u0648 \u0627\u0644\u0625\u0639\u0644\u0627\u0646 \u0628\u0628\u0633\u0627\u0637\u0629 \u060c \u0625\u0644\u0649 \u0645\u0645\u0627\u0631\u0633\u0629 \u0627\u0644\u062a\u0631\u0648\u064a\u062c \u0644\u0644\u0645\u0646\u062a\u062c\u0627\u062a \u0623\u0648 \u0627\u0644\u062e\u062f\u0645\u0627\u062a \u0623\u0648 \u0627\u0644\u0639\u0644\u0627\u0645\u0627\u062a \u0627\u0644\u062a\u062c\u0627\u0631\u064a\u0629 \u0645\u0646 \u062e\u0644\u0627\u0644 \u0642\u0646\u0648\u0627\u062a \u0625\u0639\u0644\u0627\u0645\u064a\u0629 \u0645\u062e\u062a\u0644\u0641\u0629 \u0644\u0644\u0648\u0635\u0648\u0644 \u0625\u0644\u0649 \u0627\u0644\u062c\u0645\u0647\u0648\u0631 \u0627\u0644\u0645\u0633\u062a\u0647\u062f\u0641 \u0648\u0625\u0634\u0631\u0627\u0643\u0647<\/p>\t\t <\/div>\r\n\t\t \t\t\t\t\t\r\n\t\t\t\t<\/div>\r\n\t\t\t<\/div>\r\n\t\t<\/div>\r\n\r\n\t\t\t\t<\/div>\r\n\r\n\t\t\t\t<\/div>\n\t\t\t\t<\/div>\n\t\t\t\t\t<\/div>\n\t\t<\/div>\n\t\t\t\t\t\t\t<\/div>\n\t\t<\/section>\n\t\t\t\t\t<\/div>\n\t\t<\/div>\n\t\t\t\t\t\t\t<\/div>\n\t\t<\/section>\n\t\t\t\t\t\t\t<\/div>","protected":false},"excerpt":{"rendered":"<p>MAKALELER 2022 y\u0131l\u0131nda kurulan Meyei&#8217;nin birincil hedefi, d\u00fcnya \u00e7ap\u0131nda ticari hizmetlerin kalitesini art\u0131rmakt\u0131r. \u015eirketimizin yeni alanlara ve sekt\u00f6rlere do\u011fru geni\u015flemesi, m\u00fc\u015fterilerimizin gereksinimlerini kar\u015f\u0131lamak \u00fczere gerekli yetenek, altyap\u0131 ve bilgi birikimini geli\u015ftirmeye olan kararl\u0131l\u0131\u011f\u0131m\u0131z\u0131n do\u011frudan bir neticesidir. Meyei&#8217;nin ba\u015far\u0131s\u0131n\u0131n temelinde, hem \u015firket i\u00e7inde hem de \u015firket d\u0131\u015f\u0131nda meslekta\u015flar\u0131m\u0131z ve m\u00fc\u015fterilerimizle i\u015fbirli\u011fi yapmak yatmaktad\u0131r. Meyei, m\u00fchendislik\/proje y\u00f6netimi, &hellip;<\/p>\n<p class=\"read-more\"> <a class=\"\" href=\"https:\/\/meyei-group.com\/ar\/what-is-media-maketing\/\"> <span class=\"screen-reader-text\">\u0645\u0627 \u0647\u064a \u062e\u062f\u0645\u0627\u062a \u0627\u0644\u0625\u0639\u0644\u0627\u0645 \u0648 \u0627\u0644\u062a\u0633\u0648\u064a\u0642\u061f<\/span> \u0642\u0631\u0627\u0621\u0629 \u0627\u0644\u0645\u0632\u064a\u062f &raquo;<\/a><\/p>","protected":false},"author":1,"featured_media":0,"parent":0,"menu_order":0,"comment_status":"closed","ping_status":"closed","template":"","meta":{"site-sidebar-layout":"no-sidebar","site-content-layout":"page-builder","ast-global-header-display":"","ast-banner-title-visibility":"","ast-main-header-display":"","ast-hfb-above-header-display":"","ast-hfb-below-header-display":"","ast-hfb-mobile-header-display":"","site-post-title":"disabled","ast-breadcrumbs-content":"","ast-featured-img":"disabled","footer-sml-layout":"","theme-transparent-header-meta":"","adv-header-id-meta":"","stick-header-meta":"","header-above-stick-meta":"","header-main-stick-meta":"","header-below-stick-meta":"","footnotes":""},"_links":{"self":[{"href":"https:\/\/meyei-group.com\/ar\/wp-json\/wp\/v2\/pages\/81"}],"collection":[{"href":"https:\/\/meyei-group.com\/ar\/wp-json\/wp\/v2\/pages"}],"about":[{"href":"https:\/\/meyei-group.com\/ar\/wp-json\/wp\/v2\/types\/page"}],"author":[{"embeddable":true,"href":"https:\/\/meyei-group.com\/ar\/wp-json\/wp\/v2\/users\/1"}],"replies":[{"embeddable":true,"href":"https:\/\/meyei-group.com\/ar\/wp-json\/wp\/v2\/comments?post=81"}],"version-history":[{"count":97,"href":"https:\/\/meyei-group.com\/ar\/wp-json\/wp\/v2\/pages\/81\/revisions"}],"predecessor-version":[{"id":4282,"href":"https:\/\/meyei-group.com\/ar\/wp-json\/wp\/v2\/pages\/81\/revisions\/4282"}],"wp:attachment":[{"href":"https:\/\/meyei-group.com\/ar\/wp-json\/wp\/v2\/media?parent=81"}],"curies":[{"name":"wp","href":"https:\/\/api.w.org\/{rel}","templated":true}]}}